{"id":97,"date":"2013-09-13T21:33:02","date_gmt":"2013-09-13T19:33:02","guid":{"rendered":"http:\/\/yfolk.fr\/web\/?page_id=97"},"modified":"2014-03-22T21:51:23","modified_gmt":"2014-03-22T20:51:23","slug":"partenariat","status":"publish","type":"page","link":"https:\/\/yfolk.fr\/web\/informations-pratiques\/partenariat\/","title":{"rendered":"Partenariat"},"content":{"rendered":"<p>Y-Folk est un collectif d&rsquo;<a title=\"Les associations\" href=\"http:\/\/yfolk.fr\/web\/informations-pratiques\/les-associations\/\">associations<\/a>, un certain nombre d&rsquo;identit\u00e9s fortes sur l&rsquo;agglom\u00e9ration grenobloise ne peuvent donc pas en faire partie int\u00e9grante. Nous avons cependant des relations fortes avec elles de type partenariat !<\/p>\n<ul>\n<li><a href=\"http:\/\/www.mjc-allobroges.fr\/\">MJC Allobroges<\/a> : Ateliers Danses Traditionnelles &#8211; Grenoble<\/li>\n<li><a href=\"http:\/\/www.mustradem.com\/\">Mustradem<\/a> : Le site des <em>Musiques Traditionnelles de Demain<\/em>, incontournable sur Grenoble depuis des dizaines d&rsquo;ann\u00e9es. Comme il est impossible de le r\u00e9sumer en une phrase au vu de son importance historique et culturelle, le mieux est d&rsquo;aller le visiter !<a href=\"http:\/\/www.mustradem.com\/\"><br \/>\n<\/a><\/li>\n<li><a href=\"http:\/\/www.cabaretmusique.com\/\">Cabaret Musique<\/a> : Magasin de vente et de r\u00e9paration d&rsquo;accord\u00e9ons &#8211; Meylan<\/li>\n<\/ul>\n","protected":false},"excerpt":{"rendered":"<p>Y-Folk est un collectif d&rsquo;associations, un certain nombre d&rsquo;identit\u00e9s fortes sur l&rsquo;agglom\u00e9ration grenobloise ne peuvent donc pas en faire partie int\u00e9grante. Nous avons cependant des relations fortes avec elles de type partenariat ! MJC Allobroges : Ateliers Danses Traditionnelles &#8211; Grenoble Mustradem : Le site des Musiques Traditionnelles de Demain, incontournable sur Grenoble depuis des [&hellip;]<\/p>\n","protected":false},"author":2,"featured_media":0,"parent":29,"menu_order":0,"comment_status":"open","ping_status":"open","template":"","meta":[],"_links":{"self":[{"href":"https:\/\/yfolk.fr\/web\/wp-json\/wp\/v2\/pages\/97"}],"collection":[{"href":"https:\/\/yfolk.fr\/web\/wp-json\/wp\/v2\/pages"}],"about":[{"href":"https:\/\/yfolk.fr\/web\/wp-json\/wp\/v2\/types\/page"}],"author":[{"embeddable":true,"href":"https:\/\/yfolk.fr\/web\/wp-json\/wp\/v2\/users\/2"}],"replies":[{"embeddable":true,"href":"https:\/\/yfolk.fr\/web\/wp-json\/wp\/v2\/comments?post=97"}],"version-history":[{"count":6,"href":"https:\/\/yfolk.fr\/web\/wp-json\/wp\/v2\/pages\/97\/revisions"}],"predecessor-version":[{"id":167,"href":"https:\/\/yfolk.fr\/web\/wp-json\/wp\/v2\/pages\/97\/revisions\/167"}],"up":[{"embeddable":true,"href":"https:\/\/yfolk.fr\/web\/wp-json\/wp\/v2\/pages\/29"}],"wp:attachment":[{"href":"https:\/\/yfolk.fr\/web\/wp-json\/wp\/v2\/media?parent=97"}],"curies":[{"name":"wp","href":"https:\/\/api.w.org\/{rel}","templated":true}]}}