{"id":146,"date":"2014-02-26T21:39:53","date_gmt":"2014-02-26T20:39:53","guid":{"rendered":"http:\/\/yfolk.fr\/web\/?page_id=146"},"modified":"2014-05-08T10:44:30","modified_gmt":"2014-05-08T08:44:30","slug":"livret-y-folk-repertoire-danse-et-musiques","status":"publish","type":"page","link":"https:\/\/yfolk.fr\/web\/informations-pratiques\/livret-y-folk-repertoire-danse-et-musiques\/","title":{"rendered":"Livret Y-Folk &#8211; r\u00e9pertoire danse et musiques"},"content":{"rendered":"<p>Depuis le temps que nous en parlons, voici enfin arriv\u00e9e la premi\u00e8re version du livret yfolk. Il s&rsquo;agit d&rsquo;un recueil de morceaux permettant d&rsquo;avoir entre tous les groupes de musiques de Grenoble, un certain nombre d&rsquo;airs communs afin d&rsquo;animer des bals, par exemple en plein air, ou lors des boeufs !<\/p>\n<p>Cette liste peut donc \u00eatre partiellement utilis\u00e9e \u00e0 l&rsquo;occasion d&rsquo;un \u00e9v\u00e8nement comme par la f\u00eate de la musique ou les bals du mardi place Saint-Andr\u00e9.<\/p>\n<p>T\u00e9l\u00e9charger la version 1 du livret au format pdf : <a href=\"http:\/\/yfolk.fr\/web\/wp-content\/uploads\/2014\/02\/livret-yfolk-v1.pdf\">livret-yfolk-v1<\/a>.<\/p>\n<p>et la Montfarine_Da_Bernardo du flashmob !<\/p>\n<p><a href=\"http:\/\/yfolk.fr\/web\/wp-content\/uploads\/2014\/04\/pdf_Montfarine_Da_Bernardo.pdf\">pdf_Montfarine_Da_Bernardo<\/a><\/p>\n<p>PS : Il est clair que ce livret n&rsquo;est ni parfait, ni fini. Toute contribution afin de l&rsquo;am\u00e9liorer est la bienvenue. Toutes les musiques doivent \u00eatre traditionnelles et dans le domaine public. Si vous \u00eates l&rsquo;auteur d&rsquo;une des images ins\u00e9r\u00e9es et que vous ne souhaitez pas la voir appara\u00eetre, contactez-nous via la fiche contact, nous ferons le plus rapidement possible une autre version du livret sans celle-ci.<\/p>\n","protected":false},"excerpt":{"rendered":"<p>Depuis le temps que nous en parlons, voici enfin arriv\u00e9e la premi\u00e8re version du livret yfolk. Il s&rsquo;agit d&rsquo;un recueil de morceaux permettant d&rsquo;avoir entre tous les groupes de musiques de Grenoble, un certain nombre d&rsquo;airs communs afin d&rsquo;animer des bals, par exemple en plein air, ou lors des boeufs ! Cette liste peut donc [&hellip;]<\/p>\n","protected":false},"author":6,"featured_media":0,"parent":29,"menu_order":0,"comment_status":"open","ping_status":"closed","template":"","meta":[],"_links":{"self":[{"href":"https:\/\/yfolk.fr\/web\/wp-json\/wp\/v2\/pages\/146"}],"collection":[{"href":"https:\/\/yfolk.fr\/web\/wp-json\/wp\/v2\/pages"}],"about":[{"href":"https:\/\/yfolk.fr\/web\/wp-json\/wp\/v2\/types\/page"}],"author":[{"embeddable":true,"href":"https:\/\/yfolk.fr\/web\/wp-json\/wp\/v2\/users\/6"}],"replies":[{"embeddable":true,"href":"https:\/\/yfolk.fr\/web\/wp-json\/wp\/v2\/comments?post=146"}],"version-history":[{"count":6,"href":"https:\/\/yfolk.fr\/web\/wp-json\/wp\/v2\/pages\/146\/revisions"}],"predecessor-version":[{"id":204,"href":"https:\/\/yfolk.fr\/web\/wp-json\/wp\/v2\/pages\/146\/revisions\/204"}],"up":[{"embeddable":true,"href":"https:\/\/yfolk.fr\/web\/wp-json\/wp\/v2\/pages\/29"}],"wp:attachment":[{"href":"https:\/\/yfolk.fr\/web\/wp-json\/wp\/v2\/media?parent=146"}],"curies":[{"name":"wp","href":"https:\/\/api.w.org\/{rel}","templated":true}]}}