{"id":106,"date":"2013-09-21T15:30:40","date_gmt":"2013-09-21T13:30:40","guid":{"rendered":"http:\/\/yfolk.fr\/web\/?page_id=106"},"modified":"2014-03-22T21:47:00","modified_gmt":"2014-03-22T20:47:00","slug":"zone-de-collaboration","status":"publish","type":"page","link":"https:\/\/yfolk.fr\/web\/informations-pratiques\/zone-de-collaboration\/","title":{"rendered":"Zone de collaboration"},"content":{"rendered":"<h1>P\u00e9rim\u00e8tre g\u00e9ographique<\/h1>\n<p>Y-Folk est une f\u00e9d\u00e9ration qui se structure petit \u00e0 petit et met en place des moyens modernes pour ses adh\u00e9rents. Cependant, nous sommes b\u00e9n\u00e9voles et faisons vivre en parall\u00e8le nos associations&#8230; Merci de votre tol\u00e9rance.<\/p>\n<p>Toute association officielle (loi 1901) ayant pour th\u00e8me les danses et les musiques traditionnelles europ\u00e9enne peut int\u00e9grer le collectif Y-Folk. En attendant une formalisation plus importante de ce collectif, nous demandons deux choses :<\/p>\n<ul>\n<li>Signer la demande collective aupr\u00e8s de la mairie de Grenoble de l&rsquo;op\u00e9ration estivale tous les mardis soirs des bals folk place Saint-Andr\u00e9<\/li>\n<li>\u00catre dans le p\u00e9rim\u00e8tre g\u00e9ographique de Grenoble, c&rsquo;est \u00e0 dire grosso-modo Vizille au Sud, Voiron au Nord et Crolles \u00e0 l&rsquo;Est.<\/li>\n<\/ul>\n<p>L&rsquo;objectif n&rsquo;est pas de f\u00e9d\u00e9rer toutes les associations de l&rsquo;Is\u00e8re. Nous souhaitons une certaine unit\u00e9 g\u00e9ographique des membres et le <a href=\"http:\/\/www.cmtra.org\/\">CMTRA<\/a> (Centre des Musiques Traditionnelles Rh\u00f4ne-Alpes) a la vocation de jouer le r\u00f4le de relais \u00e0 plus large \u00e9chelle sur la r\u00e9gion.<\/p>\n<h1>Agenda Folk partag\u00e9<\/h1>\n<p>Toutes les associations faisant partie du p\u00e9rim\u00e8tre de la f\u00e9d\u00e9ration partagent un calendrier commun des \u00e9v\u00e8nements. On le retrouve sur tous les sites web des diff\u00e9rentes associations. Vous pouvez mettre les lignes suivantes sur votre page web afin de le faire appara\u00eetre.<\/p>\n<pre>&lt;iframe\r\n   style=\"border-width: 0;\"\r\n   src=\"http:\/\/yfolk.fr\/redirect\/share-calendar\"\r\n   height=\"600\"\r\n   width=\"700\"\r\n   &gt;\r\n&lt;\/iframe&gt;<\/pre>\n<p>Le r\u00e9sultat est directement visible sur la page <a href=\"http:\/\/yfolk.fr\/web\/agenda\/\">Agenda<\/a>.<\/p>\n<p>Si vous souhaitez pouvoir ajouter des \u00e9v\u00e8nements sur le calendrier lui m\u00eame et que votre association est dans le p\u00e9rim\u00e8tre Y-Folk, il vous faut r\u00e9cup\u00e9rer les codes d&rsquo;acc\u00e8s aupr\u00e8s de Sylvie Olive (Folkadom\u00e8ne), coordinatrice de l\u2019agenda partag\u00e9.<\/p>\n<p>A noter que l&rsquo;agenda est en r\u00e9alit\u00e9 h\u00e9berg\u00e9 chez Google via un compte commun <em>gmail<\/em> contrairement \u00e0 ce que pourrait faire penser l&rsquo;URL ci-dessus (ligne ayant le champs <em>src<\/em>). Cette solution n&rsquo;est pas id\u00e9ale mais elle fonctionne tr\u00e8s bien depuis de nombreuses ann\u00e9es sans abus ni des uns, ni des autres. L&rsquo;URL de Google \u00e9tant longue et plantatoire, nous avons mis en place une redirection afin de rendre les choses plus simples. Il suffit de suivre ce <a href=\"http:\/\/yfolk.fr\/redirect\/share-calendar\">lien<\/a> pour obtenir l&rsquo;URL exacte.<\/p>\n<h1>Compte sur le site web Y-Folk<\/h1>\n<p>Il est possible d&rsquo;obtenir un compte sur le site Y-Folk afin de participer au dynamisme du site. Attention, <strong>les comptes sont personnels<\/strong> donc affect\u00e9s a une et une seule personne. Il n&rsquo;y a <strong>pas de compte commun<\/strong> ni d&rsquo;anonymat sur ce site. En cela, on est correct vis \u00e0 vis de la loi fran\u00e7aise et du droit d&rsquo;auteur. Chacun est responsable de ses \u00e9critures. Tout compte peut \u00eatre d\u00e9-activ\u00e9 \u00e0 tout moment si un abus est signal\u00e9.<\/p>\n<p>Le site est propuls\u00e9 par <a href=\"http:\/\/www.wordpress-fr.net\/\">WordPress<\/a> o\u00f9 chaque compte dispose d&rsquo;un niveau de droit croissant comme le syst\u00e8me des poup\u00e9es russe :<\/p>\n<ul>\n<li><em> Anonymat<\/em> : la personne peux soumettre des commentaires (ceux-ci sont cependant mod\u00e9r\u00e9s car 99% des commentaires sont de la publicit\u00e9 n&rsquo;ayant rien \u00e0 voir avec le folk&#8230;) ;<\/li>\n<li><em>Contributeur<\/em> : la personne peut \u00e9crire un article puis le proposer \u00e0 la publication ;<\/li>\n<li><em>Auteur<\/em> : la personne peut modifier, supprimer et\u00a0 publier un article ;<\/li>\n<li><em>\u00c9diteur<\/em>: la personne peut modifier les commentaires ainsi que les articles des autres auteurs.<\/li>\n<\/ul>\n<p>Pour obtenir un compte, il nous faut les informations suivantes : (\u00e0 noter que la personne doit \u00eatre adh\u00e9rente d&rsquo;une des associations du collectif)<\/p>\n<ul>\n<li>Nom de famille :<\/li>\n<li>Pr\u00e9nom :<\/li>\n<li>Courriel :<\/li>\n<li>Association de rattachement :<\/li>\n<li>R\u00f4le : [Contributeur] [Auteur] [\u00c9diteur]<\/li>\n<li>Option : site web&#8230;<\/li>\n<\/ul>\n<p>Lors de la cr\u00e9ation du compte, le syst\u00e8me vous envoie un mot de passe. Ce mot de passe n&rsquo;est pas simple, le mieux est de le garder tel quel et de l&rsquo;enregistrer dans votre navigateur. En r\u00e8gle g\u00e9n\u00e9ral, c&rsquo;est toujours mieux que le nom de votre chien et de votre dernier neveu Si jamais vous le perdez, nous pouvons remettre \u00e0 z\u00e9ro tout mot de passe.<br \/>\nAttention, le <strong>mot de passe est incessible<\/strong>, il est donc interdit de le donner \u00e0 une autre personne.<\/p>\n","protected":false},"excerpt":{"rendered":"<p>P\u00e9rim\u00e8tre g\u00e9ographique Y-Folk est une f\u00e9d\u00e9ration qui se structure petit \u00e0 petit et met en place des moyens modernes pour ses adh\u00e9rents. Cependant, nous sommes b\u00e9n\u00e9voles et faisons vivre en parall\u00e8le nos associations&#8230; Merci de votre tol\u00e9rance. Toute association officielle (loi 1901) ayant pour th\u00e8me les danses et les musiques traditionnelles europ\u00e9enne peut int\u00e9grer le [&hellip;]<\/p>\n","protected":false},"author":2,"featured_media":0,"parent":29,"menu_order":0,"comment_status":"open","ping_status":"open","template":"","meta":[],"_links":{"self":[{"href":"https:\/\/yfolk.fr\/web\/wp-json\/wp\/v2\/pages\/106"}],"collection":[{"href":"https:\/\/yfolk.fr\/web\/wp-json\/wp\/v2\/pages"}],"about":[{"href":"https:\/\/yfolk.fr\/web\/wp-json\/wp\/v2\/types\/page"}],"author":[{"embeddable":true,"href":"https:\/\/yfolk.fr\/web\/wp-json\/wp\/v2\/users\/2"}],"replies":[{"embeddable":true,"href":"https:\/\/yfolk.fr\/web\/wp-json\/wp\/v2\/comments?post=106"}],"version-history":[{"count":22,"href":"https:\/\/yfolk.fr\/web\/wp-json\/wp\/v2\/pages\/106\/revisions"}],"predecessor-version":[{"id":164,"href":"https:\/\/yfolk.fr\/web\/wp-json\/wp\/v2\/pages\/106\/revisions\/164"}],"up":[{"embeddable":true,"href":"https:\/\/yfolk.fr\/web\/wp-json\/wp\/v2\/pages\/29"}],"wp:attachment":[{"href":"https:\/\/yfolk.fr\/web\/wp-json\/wp\/v2\/media?parent=106"}],"curies":[{"name":"wp","href":"https:\/\/api.w.org\/{rel}","templated":true}]}}