{"id":274,"date":"2014-11-30T15:33:31","date_gmt":"2014-11-30T14:33:31","guid":{"rendered":"http:\/\/yfolk.fr\/web\/?page_id=274"},"modified":"2015-08-25T21:01:26","modified_gmt":"2015-08-25T19:01:26","slug":"cycle-de-formation-musiques-du-dauphine-rigodons-et-traditions","status":"publish","type":"page","link":"http:\/\/yfolk.fr\/web\/cycle-de-formation-musiques-du-dauphine-rigodons-et-traditions\/","title":{"rendered":"Cycle de formation musiques du Dauphin\u00e9 Rigodons et Traditions"},"content":{"rendered":"<div>Apr\u00e8s plusieurs mois de r\u00e9p\u00e9titions avec les musiciens volontaires,<\/div>\n<div><a href=\"http:\/\/rigodonsettraditions.free.fr\/\">Rigodons et Traditions<\/a> vous proposent de nous retrouver pour danser les Musiques du Dauphin\u00e9 !<\/div>\n<div>Ce sera la premi\u00e8re occasion pour les musiciens de se produire, et pour Rigodons et Traditions d&rsquo;organiser un stage sp\u00e9cial de danse.<\/div>\n<div>Date \u00e0 retenir : samedi 28 novembre 2015<\/div>\n<div>Plus d&rsquo;informations en cliquant sur les liens, ou en contactant Rigodons et Traditions.<\/div>\n<div><a href=\"http:\/\/yfolk.fr\/web\/wp-content\/uploads\/2014\/11\/dauphin\u00e9-verso.pdf\">dauphin\u00e9 &#8211; verso<\/a> <a href=\"http:\/\/yfolk.fr\/web\/wp-content\/uploads\/2014\/11\/Dauphin\u00e9-recto-3.pdf\">Dauphin\u00e9 &#8211; recto 3<\/a><\/div>\n<div><a href=\"http:\/\/yfolk.fr\/web\/wp-content\/uploads\/2014\/11\/dauphin\u00e9-verso.pdf\">dauphin\u00e9 &#8211; verso<\/a><\/div>\n<div><\/div>\n<p>&nbsp;<\/p>\n","protected":false},"excerpt":{"rendered":"<p>Apr\u00e8s plusieurs mois de r\u00e9p\u00e9titions avec les musiciens volontaires, Rigodons et Traditions vous proposent de nous retrouver pour danser les Musiques du Dauphin\u00e9 ! Ce sera la premi\u00e8re occasion pour les musiciens de se produire, et pour Rigodons et Traditions d&rsquo;organiser un stage sp\u00e9cial de danse. Date \u00e0 retenir : samedi 28 novembre 2015 Plus [&hellip;]<\/p>\n","protected":false},"author":6,"featured_media":0,"parent":0,"menu_order":0,"comment_status":"open","ping_status":"open","template":"","meta":[],"_links":{"self":[{"href":"http:\/\/yfolk.fr\/web\/wp-json\/wp\/v2\/pages\/274"}],"collection":[{"href":"http:\/\/yfolk.fr\/web\/wp-json\/wp\/v2\/pages"}],"about":[{"href":"http:\/\/yfolk.fr\/web\/wp-json\/wp\/v2\/types\/page"}],"author":[{"embeddable":true,"href":"http:\/\/yfolk.fr\/web\/wp-json\/wp\/v2\/users\/6"}],"replies":[{"embeddable":true,"href":"http:\/\/yfolk.fr\/web\/wp-json\/wp\/v2\/comments?post=274"}],"version-history":[{"count":9,"href":"http:\/\/yfolk.fr\/web\/wp-json\/wp\/v2\/pages\/274\/revisions"}],"predecessor-version":[{"id":327,"href":"http:\/\/yfolk.fr\/web\/wp-json\/wp\/v2\/pages\/274\/revisions\/327"}],"wp:attachment":[{"href":"http:\/\/yfolk.fr\/web\/wp-json\/wp\/v2\/media?parent=274"}],"curies":[{"name":"wp","href":"https:\/\/api.w.org\/{rel}","templated":true}]}}