{"id":23,"date":"2013-03-24T17:34:08","date_gmt":"2013-03-24T16:34:08","guid":{"rendered":"http:\/\/yfolk.fr\/web\/?page_id=23"},"modified":"2020-02-09T21:26:50","modified_gmt":"2020-02-09T20:26:50","slug":"les-associations","status":"publish","type":"page","link":"http:\/\/yfolk.fr\/web\/informations-pratiques\/les-associations\/","title":{"rendered":"Les associations"},"content":{"rendered":"<p>Y-Folk est un collectif amical d&rsquo;association de musiques et de danses traditionnels dont les objectifs sont la coordination de l&rsquo;animation folk sur l&rsquo;Y-Grenobois, ainsi que l&rsquo;animation de l&rsquo;activit\u00e9 folk l&rsquo;\u00e9t\u00e9 autour de la place Saint-Andr\u00e9 \u00e0 Grenoble. Les associations participantes sont :<\/p>\n<ul>\n<li><a href=\"http:\/\/www.aremdat.fr\/\">AREMDAT<\/a> &#8211; Grenoble<\/li>\n<li><a href=\"http:\/\/www.folkatp.fr\/\">ATP<\/a> &#8211; Saint-Martin d&rsquo;H\u00e8res<\/li>\n<li><a href=\"http:\/\/cadavreexquisonzenet.free.fr\/\">Cadavre Exquis<\/a><\/li>\n<li><a href=\"http:\/\/tap.isonoe.net\/forum\/\">Collectif Terre \u00e0 Pied<\/a> &#8211; Grenoble<\/li>\n<li><a href=\"http:\/\/ensemaille.free.fr\/\">Ensemaille<\/a> &#8211; Echirolles<\/li>\n<li><a href=\"http:\/\/folkadomene.free.fr\/\">Folkadom\u00e8ne<\/a> &#8211; Dom\u00e8ne<\/li>\n<li><a href=\"http:\/\/follescadences.free.fr\/\">Folles Cadences<\/a><\/li>\n<li><a href=\"http:\/\/bretonsdegrenoble.free.fr\/\">Les Korrigans<\/a> &#8211; Voirons<\/li>\n<li><a href=\"http:\/\/pelaya.fr\">Lou Pelaya<\/a> &#8211; Bernin<\/li>\n<li><a href=\"https:\/\/sites.google.com\/site\/meylanfolk\/\">MeylanFolk<\/a> &#8211; Meylan<\/li>\n<li><a href=\"http:\/\/pastourelle.vence.free.fr\/\">La Pastourelle de la Vence<\/a> &#8211; Saint Egr\u00e8ve<\/li>\n<li><a href=\"http:\/\/rigodonsettraditions.free.fr\/\">Rigodons et Traditions<\/a> &#8211; Sassenage<\/li>\n<li>ARTET &#8211; Association regroupant les groupes :\n<ul>\n<li><a href=\"http:\/\/atelier163.free.fr\/\">Atelier 163<\/a><\/li>\n<li><a href=\"https:\/\/www.facebook.com\/zygomates.folk.3\">Zygomates<\/a><\/li>\n<\/ul>\n<\/li>\n<\/ul>\n<p>Cette liste est amen\u00e9e \u00e0 int\u00e9grer toutes les associations folk de l&rsquo;Y-grenoblois qui souhaitent participer ensemble \u00e0 poursuivre la transmission des danses et musiques traditionnelles.<\/p>\n<p>Il existe des structures ayant un autre statut que celui d&rsquo;association pouvant faire du folk (MJC, professionnel&#8230;), heureusement ! Elles ont \u00e9t\u00e9 regroup\u00e9es sur la page <a title=\"Partenariat\" href=\"http:\/\/yfolk.fr\/web\/informations-pratiques\/partenariat\/\">partenariat<\/a>.<\/p>\n","protected":false},"excerpt":{"rendered":"<p>Y-Folk est un collectif amical d&rsquo;association de musiques et de danses traditionnels dont les objectifs sont la coordination de l&rsquo;animation folk sur l&rsquo;Y-Grenobois, ainsi que l&rsquo;animation de l&rsquo;activit\u00e9 folk l&rsquo;\u00e9t\u00e9 autour de la place Saint-Andr\u00e9 \u00e0 Grenoble. Les associations participantes sont : AREMDAT &#8211; Grenoble ATP &#8211; Saint-Martin d&rsquo;H\u00e8res Cadavre Exquis Collectif Terre \u00e0 Pied [&hellip;]<\/p>\n","protected":false},"author":2,"featured_media":0,"parent":29,"menu_order":0,"comment_status":"open","ping_status":"open","template":"","meta":[],"_links":{"self":[{"href":"http:\/\/yfolk.fr\/web\/wp-json\/wp\/v2\/pages\/23"}],"collection":[{"href":"http:\/\/yfolk.fr\/web\/wp-json\/wp\/v2\/pages"}],"about":[{"href":"http:\/\/yfolk.fr\/web\/wp-json\/wp\/v2\/types\/page"}],"author":[{"embeddable":true,"href":"http:\/\/yfolk.fr\/web\/wp-json\/wp\/v2\/users\/2"}],"replies":[{"embeddable":true,"href":"http:\/\/yfolk.fr\/web\/wp-json\/wp\/v2\/comments?post=23"}],"version-history":[{"count":14,"href":"http:\/\/yfolk.fr\/web\/wp-json\/wp\/v2\/pages\/23\/revisions"}],"predecessor-version":[{"id":384,"href":"http:\/\/yfolk.fr\/web\/wp-json\/wp\/v2\/pages\/23\/revisions\/384"}],"up":[{"embeddable":true,"href":"http:\/\/yfolk.fr\/web\/wp-json\/wp\/v2\/pages\/29"}],"wp:attachment":[{"href":"http:\/\/yfolk.fr\/web\/wp-json\/wp\/v2\/media?parent=23"}],"curies":[{"name":"wp","href":"https:\/\/api.w.org\/{rel}","templated":true}]}}